{"id":119,"date":"2024-10-02T20:57:46","date_gmt":"2024-10-02T20:57:46","guid":{"rendered":"https:\/\/richardcibula.com\/?page_id=119"},"modified":"2026-02-18T16:43:52","modified_gmt":"2026-02-18T16:43:52","slug":"about","status":"publish","type":"page","link":"https:\/\/richardcibula.com\/de\/about\/","title":{"rendered":"Biografie"},"content":{"rendered":"<div class=\"wp-block-cover is-dark alignfull\" style=\"min-height:378px;aspect-ratio:unset;\"><img loading=\"lazy\" decoding=\"async\" width=\"1024\" height=\"678\" class=\"wp-block-cover__image-background wp-image-398 size-large\" alt=\"\" src=\"https:\/\/richardcibula.com\/wp-content\/uploads\/2026\/02\/IMG_0521-1024x678.jpg\" data-object-fit=\"cover\" srcset=\"https:\/\/richardcibula.com\/wp-content\/uploads\/2026\/02\/IMG_0521-1024x678.jpg 1024w, https:\/\/richardcibula.com\/wp-content\/uploads\/2026\/02\/IMG_0521-300x199.jpg 300w, https:\/\/richardcibula.com\/wp-content\/uploads\/2026\/02\/IMG_0521-768x509.jpg 768w, https:\/\/richardcibula.com\/wp-content\/uploads\/2026\/02\/IMG_0521-1536x1017.jpg 1536w, https:\/\/richardcibula.com\/wp-content\/uploads\/2026\/02\/IMG_0521-2048x1356.jpg 2048w, https:\/\/richardcibula.com\/wp-content\/uploads\/2026\/02\/IMG_0521-18x12.jpg 18w\" sizes=\"auto, (max-width: 1024px) 100vw, 1024px\" \/><span aria-hidden=\"true\" class=\"wp-block-cover__background has-background-dim\" style=\"background-color:#000000\"><\/span><div class=\"wp-block-cover__inner-container is-layout-flow wp-block-cover-is-layout-flow\">\n<h1 class=\"wp-block-heading has-text-align-center has-xxl-font-size has-base-2-color has-text-color\">Biografie<\/h1>\n<\/div><\/div>\n\n\n\n<div style=\"height:40px\" aria-hidden=\"true\" class=\"wp-block-spacer\"><\/div>\n\n\n\n<div class=\"wp-block-group alignwide has-global-padding is-layout-constrained wp-block-group-is-layout-constrained\">\n<p class=\"has-text-align-center\" style=\"margin-top:0;margin-right:0;margin-bottom:0;margin-left:0\">Richard Cibula, geboren 2005 in Bratislava, Slowakei, ist ein Violinist in f\u00fcnfter Generation, der durch seinen au\u00dfergew\u00f6hnlichen musikalischen Ausdruck und seine hohe technische Reife beeindruckt. Seine Leidenschaft f\u00fcr die Violine entdeckte er im Alter von drei Jahren, als sein Vater den Grundstein f\u00fcr seine musikalische Ausbildung legte. Mit nur sieben Jahren wurde er am Konservatorium in Bratislava aufgenommen, wo er bei Prof. Frantisek T\u00f6r\u00f6k studierte.<\/p>\n\n\n\n<p class=\"has-text-align-center\">Seine weitere k\u00fcnstlerische Entwicklung f\u00fchrte ihn an die Universit\u00e4t f\u00fcr Musik und darstellende Kunst Wien, an der er von 2016 bis 2020 bei der renommierten polnischen Geigerin Anna Gutowska ausgebildet wurde. Seit 2020 setzt er sein Studium an der Musik und Kunst Privatuniversit\u00e4t der Stadt Wien fort, wo er unter der Leitung der international anerkannten Geiger Dalibor Karvay und Nikita Boriso-Glebsky steht.<\/p>\n\n\n\n<p class=\"has-text-align-center\">Seine musikalische Ausbildung wurde durch zahlreiche Meisterkurse bei bedeutenden K\u00fcnstlerpers\u00f6nlichkeiten wie Vadim Repin, Midori Goto, Louise Chisson, S\u00e1ndor Javorkai, Georg Hamann, Pavel \u0160porcl, Eugeniy Chevkenov sowie Ondrej und Roman Jano\u0161ka nachhaltig gepr\u00e4gt.<\/p>\n\n\n\n<div style=\"height:40px\" aria-hidden=\"true\" class=\"wp-block-spacer\"><\/div>\n<\/div>\n\n\n\n<div class=\"wp-block-cover alignfull has-parallax\" style=\"padding-top:var(--wp--preset--spacing--10);padding-right:var(--wp--preset--spacing--50);padding-bottom:var(--wp--preset--spacing--10);padding-left:var(--wp--preset--spacing--50);min-height:415px;aspect-ratio:unset;\"><div class=\"wp-block-cover__image-background wp-image-157 size-large has-parallax\" style=\"background-position:50% 50%;background-image:url(https:\/\/richardcibula.com\/wp-content\/uploads\/2024\/10\/IMG_1392-1024x682.jpg)\"><\/div><span aria-hidden=\"true\" class=\"wp-block-cover__background has-background-dim-60 has-background-dim\" style=\"background-color:#2D2D2D\"><\/span><div class=\"wp-block-cover__inner-container has-global-padding is-layout-constrained wp-container-core-cover-is-layout-d9a3df2c wp-block-cover-is-layout-constrained\">\n<p class=\"has-text-align-center has-medium-font-size\">Sein au\u00dfergew\u00f6hnliches Talent spiegelt sich in zahlreichen internationalen Wettbewerbserfolgen wider. Er gewann mehr als ein Dutzend renommierter Preise, darunter den VIl. Internationalen Ferenc-Liszt-Wettbewerb sowie das VII. Internationale Musikfest in Wien (beide 2024). Weitere H\u00f6hepunkte seiner Wettbewerbslaufbahn sind der Grand Prix beim International Music Festival and Competition in Memory of Ludwig van Beethoven in Prag (2023), der 1. Preis beim III. Concorso Internazionale Citt\u00e0 di Villafranca in Italien (2022), beim Danubia Talents International Music Competition in Budapest (2022) sowie beim International Music Competition Triomphe de l'Art in Br\u00fcssel (2024).<\/p>\n<\/div><\/div>\n\n\n\n<div style=\"height:40px\" aria-hidden=\"true\" class=\"wp-block-spacer\"><\/div>\n\n\n\n<p class=\"has-text-align-center\">Ein bedeutender Meilenstein seiner Konzertlaufbahn war sein Auftritt im Jahr 2018 mit der weltber\u00fchmten Geigerin Midori Goto, bei dem er Johann Sebastian Bachs Konzert f\u00fcr zwei Violinen im Gro\u00dfen Konzertstudio des Slowakischen Rundfunks auff\u00fchrte. In der Saison 2024\/2025 konzertierte er mehrfach im Goldenen Saal des Wiener Musikvereins - sowohl als Solist als auch als Kammermusiker - sowie unter anderem im Budapest Music Center, im Mus\u00e9e des Instruments de Musique in Br\u00fcssel und beim Amadeus Festival 2025, wo er gemeinsam mit dem Janoska Ensemble sowie mit Audrey Park, Siyi Li und Isabella Egawa musizierte. Weitere Auftritte f\u00fchrten ihn an renommierte Spielst\u00e4tten wie die Slowakische Philharmonie, das Gro\u00dfe Konzertstudio des Slowakischen Rundfunks und den Gro\u00dfen Saal des K\u00f6niglichen Konservatoriums Br\u00fcssel mit dem Kammerorchester der Arthur-Grumiaux-Stiftung. Seine Konzertt\u00e4tigkeit erstreckte sich \u00fcber zahlreiche europ\u00e4ische L\u00e4nder, darunter \u00d6sterreich, Belgien, Ungarn, Italien, Bulgarien, Slowenien, die Tschechische Republik, die Slowakei und Kroatien.<\/p>\n\n\n\n<p class=\"has-text-align-center\">Neben seiner solistischen T\u00e4tigkeit ist Richard Cibula ein engagierter Kammermusiker. Im Jahr 2023 wurde er eingeladen, mit Mitgliedern der Wiener Philharmoniker aufzutreten, darunter Maxim Brilinsky, Sebastian Breit, Stefan Gartmayer und Filip Waldmann.<\/p>\n\n\n\n<p class=\"has-text-align-center\">Seit 2025 ist er zudem als Substitut des Ersten Geigers bei den Wiener Symphonikern t\u00e4tig. Dar\u00fcber hinaus ist er Mitbegr\u00fcnder des Cibula Chamber Orchestra sowie des Ensembles The Echoes, das junge Musikerinnen und Musiker aus Mitteleuropa vereint.<\/p>\n\n\n\n<p class=\"has-text-align-center\">Richard spielt auf der Violine Francesco Goffriller, Venedig 1736 \u201eex Willi Boskovsky\", ausgeliehen aus der Goh Family Collection,sowie auf einer Violine von Maria Julia Pasch, die ihm freundlicherweise von einem privaten Sponsor zur Verf\u00fcgung gestellt wird.<\/p>\n\n\n\n<div style=\"height:20px\" aria-hidden=\"true\" class=\"wp-block-spacer\"><\/div>\n\n\n\n<div class=\"wp-block-buttons is-content-justification-center is-layout-flex wp-container-core-buttons-is-layout-a89b3969 wp-block-buttons-is-layout-flex\">\n<div class=\"wp-block-button is-style-outline is-style-outline--1\"><a class=\"wp-block-button__link has-text-align-center wp-element-button\" href=\"https:\/\/richardcibula.com\/wp-content\/uploads\/2026\/02\/Cibula-CV_DE_ENG.pdf\" target=\"_blank\" rel=\"noreferrer noopener\">Komplette Biographie<\/a><\/div>\n<\/div>\n\n\n\n<div style=\"height:80px\" aria-hidden=\"true\" class=\"wp-block-spacer\"><\/div>","protected":false},"excerpt":{"rendered":"<p>Richard Cibula, born in Bratislava, Slovakia, in 2005, is a fifth-generation violinist who impresses with his extraordinary musical expression and high technical maturity. He discovered his passion for the violin at the age of three, when his father laid the foundations for his musical education. At the age of just seven, he was accepted into [&hellip;]<\/p>","protected":false},"author":1,"featured_media":0,"parent":0,"menu_order":0,"comment_status":"closed","ping_status":"closed","template":"","meta":{"footnotes":""},"class_list":["post-119","page","type-page","status-publish","hentry"],"_links":{"self":[{"href":"https:\/\/richardcibula.com\/de\/wp-json\/wp\/v2\/pages\/119","targetHints":{"allow":["GET"]}}],"collection":[{"href":"https:\/\/richardcibula.com\/de\/wp-json\/wp\/v2\/pages"}],"about":[{"href":"https:\/\/richardcibula.com\/de\/wp-json\/wp\/v2\/types\/page"}],"author":[{"embeddable":true,"href":"https:\/\/richardcibula.com\/de\/wp-json\/wp\/v2\/users\/1"}],"replies":[{"embeddable":true,"href":"https:\/\/richardcibula.com\/de\/wp-json\/wp\/v2\/comments?post=119"}],"version-history":[{"count":10,"href":"https:\/\/richardcibula.com\/de\/wp-json\/wp\/v2\/pages\/119\/revisions"}],"predecessor-version":[{"id":420,"href":"https:\/\/richardcibula.com\/de\/wp-json\/wp\/v2\/pages\/119\/revisions\/420"}],"wp:attachment":[{"href":"https:\/\/richardcibula.com\/de\/wp-json\/wp\/v2\/media?parent=119"}],"curies":[{"name":"wp","href":"https:\/\/api.w.org\/{rel}","templated":true}]}}